{"id":666,"date":"2020-10-28T13:33:56","date_gmt":"2020-10-28T13:33:56","guid":{"rendered":"https:\/\/whm42.louhi.net\/~polaraur\/activities\/"},"modified":"2024-07-04T15:49:23","modified_gmt":"2024-07-04T12:49:23","slug":"aktiviteetit","status":"publish","type":"page","link":"https:\/\/www.polarauroracabins.com\/fi\/aktiviteetit\/","title":{"rendered":"Aktiviteetit"},"content":{"rendered":"<h1>Aktiviteetit<\/h1>\n<p><strong>Oletko koskaan kokenut huskyvaljakon vauhdin huumaa, matkannut pororeen kyydiss\u00e4 l\u00e4pi lumisen mets\u00e4n tai n\u00e4hnyt revontulien taianomaisen tanssin taivaalla?<\/strong><\/p>\n<p>L\u00e4hde kanssamme kokemaan Lapin lumo &#8211; lumikenk\u00e4retkelle talviseen luontoon, kokeilemaan kalaonnea kansallispuiston er\u00e4maaj\u00e4rvelle tai moottorikelkkailemaan Lapin tuntureille.<\/p>\n<p>Tutustu meid\u00e4n aktiviteettitarjontaan, jotta l\u00f6yd\u00e4t sinulle sopivat el\u00e4mykset lomallesi. Tehdess\u00e4si majoitusvaraustasi, voit kertoa meille mist\u00e4 olet kiinnostunut ja laadimme sinulle aktiviteettisuunnitelman.<\/p>\n<p><strong>Tehd\u00e4\u00e4n yhdess\u00e4 lomastasi ikimuistoinen!<\/strong><\/p>\n","protected":false},"excerpt":{"rendered":"<p>Aktiviteetit Oletko koskaan kokenut huskyvaljakon vauhdin huumaa, matkannut pororeen kyydiss\u00e4 l\u00e4pi lumisen mets\u00e4n tai n\u00e4hnyt revontulien taianomaisen tanssin taivaalla? L\u00e4hde kanssamme kokemaan Lapin lumo &#8211; lumikenk\u00e4retkelle talviseen luontoon, kokeilemaan kalaonnea kansallispuiston er\u00e4maaj\u00e4rvelle tai moottorikelkkailemaan Lapin tuntureille. Tutustu meid\u00e4n aktiviteettitarjontaan, jotta l\u00f6yd\u00e4t sinulle sopivat el\u00e4mykset lomallesi. Tehdess\u00e4si majoitusvaraustasi, voit kertoa meille mist\u00e4 olet kiinnostunut ja laadimme [&#8230;]<\/p>\n<p><a class=\"btn btn-secondary understrap-read-more-link\" href=\"https:\/\/www.polarauroracabins.com\/fi\/aktiviteetit\/\">Read More&#8230;<\/a><\/p>\n","protected":false},"author":2,"featured_media":758,"parent":0,"menu_order":0,"comment_status":"closed","ping_status":"closed","template":"page-templates\/safarit.php","meta":{"footnotes":""},"class_list":["post-666","page","type-page","status-publish","has-post-thumbnail","hentry"],"_links":{"self":[{"href":"https:\/\/www.polarauroracabins.com\/fi\/wp-json\/wp\/v2\/pages\/666","targetHints":{"allow":["GET"]}}],"collection":[{"href":"https:\/\/www.polarauroracabins.com\/fi\/wp-json\/wp\/v2\/pages"}],"about":[{"href":"https:\/\/www.polarauroracabins.com\/fi\/wp-json\/wp\/v2\/types\/page"}],"author":[{"embeddable":true,"href":"https:\/\/www.polarauroracabins.com\/fi\/wp-json\/wp\/v2\/users\/2"}],"replies":[{"embeddable":true,"href":"https:\/\/www.polarauroracabins.com\/fi\/wp-json\/wp\/v2\/comments?post=666"}],"version-history":[{"count":11,"href":"https:\/\/www.polarauroracabins.com\/fi\/wp-json\/wp\/v2\/pages\/666\/revisions"}],"predecessor-version":[{"id":1426,"href":"https:\/\/www.polarauroracabins.com\/fi\/wp-json\/wp\/v2\/pages\/666\/revisions\/1426"}],"wp:featuredmedia":[{"embeddable":true,"href":"https:\/\/www.polarauroracabins.com\/fi\/wp-json\/wp\/v2\/media\/758"}],"wp:attachment":[{"href":"https:\/\/www.polarauroracabins.com\/fi\/wp-json\/wp\/v2\/media?parent=666"}],"curies":[{"name":"wp","href":"https:\/\/api.w.org\/{rel}","templated":true}]}}