{"id":939,"date":"2021-04-29T11:05:16","date_gmt":"2021-04-29T11:05:16","guid":{"rendered":"https:\/\/whm42.louhi.net\/~polaraur\/additional-services\/"},"modified":"2021-09-09T19:29:12","modified_gmt":"2021-09-09T16:29:12","slug":"lisapalvelut","status":"publish","type":"page","link":"https:\/\/www.polarauroracabins.com\/fi\/lisapalvelut\/","title":{"rendered":"Lis\u00e4palvelut"},"content":{"rendered":"<h1>Lis\u00e4palvelut<\/h1>\n<p><strong>Rentoudu ja nauti lomastasi viel\u00e4kin enemm\u00e4n lis\u00e4palveluidemme avulla.<\/strong><\/p>\n<p>Haemme sinut lentokent\u00e4lt\u00e4, iltapala valmiina m\u00f6kiss\u00e4, herkuttele illallinen viihtyis\u00e4ss\u00e4 kodassa avotulen l\u00e4mm\u00f6ss\u00e4, kietoudu saunan j\u00e4lkeen pehme\u00e4\u00e4n kylpytakkiin ja aloita p\u00e4iv\u00e4si maittavalla aamupalalla.<\/p>\n<p>N\u00e4m\u00e4 palvelut &#8211; ja paljon muuta &#8211; voit varata majoitusvarauksesi yhteydess\u00e4.<\/p>\n<p><strong>Unohdimmeko jotain? Kerro, mit\u00e4 muuta voisimme tehd\u00e4 puolestasi, jotta lomasi onnistuisi viel\u00e4kin paremmin!<\/strong><\/p>\n<p>&nbsp;<\/p>\n","protected":false},"excerpt":{"rendered":"<p>Lis\u00e4palvelut Rentoudu ja nauti lomastasi viel\u00e4kin enemm\u00e4n lis\u00e4palveluidemme avulla. Haemme sinut lentokent\u00e4lt\u00e4, iltapala valmiina m\u00f6kiss\u00e4, herkuttele illallinen viihtyis\u00e4ss\u00e4 kodassa avotulen l\u00e4mm\u00f6ss\u00e4, kietoudu saunan j\u00e4lkeen pehme\u00e4\u00e4n kylpytakkiin ja aloita p\u00e4iv\u00e4si maittavalla aamupalalla. N\u00e4m\u00e4 palvelut &#8211; ja paljon muuta &#8211; voit varata majoitusvarauksesi yhteydess\u00e4. Unohdimmeko jotain? Kerro, mit\u00e4 muuta voisimme tehd\u00e4 puolestasi, jotta lomasi onnistuisi viel\u00e4kin paremmin! [&#8230;]<\/p>\n<p><a class=\"btn btn-secondary understrap-read-more-link\" href=\"https:\/\/www.polarauroracabins.com\/fi\/lisapalvelut\/\">Read More&#8230;<\/a><\/p>\n","protected":false},"author":2,"featured_media":446,"parent":0,"menu_order":0,"comment_status":"closed","ping_status":"closed","template":"page-templates\/lisarit.php","meta":{"footnotes":""},"class_list":["post-939","page","type-page","status-publish","has-post-thumbnail","hentry"],"_links":{"self":[{"href":"https:\/\/www.polarauroracabins.com\/fi\/wp-json\/wp\/v2\/pages\/939","targetHints":{"allow":["GET"]}}],"collection":[{"href":"https:\/\/www.polarauroracabins.com\/fi\/wp-json\/wp\/v2\/pages"}],"about":[{"href":"https:\/\/www.polarauroracabins.com\/fi\/wp-json\/wp\/v2\/types\/page"}],"author":[{"embeddable":true,"href":"https:\/\/www.polarauroracabins.com\/fi\/wp-json\/wp\/v2\/users\/2"}],"replies":[{"embeddable":true,"href":"https:\/\/www.polarauroracabins.com\/fi\/wp-json\/wp\/v2\/comments?post=939"}],"version-history":[{"count":7,"href":"https:\/\/www.polarauroracabins.com\/fi\/wp-json\/wp\/v2\/pages\/939\/revisions"}],"predecessor-version":[{"id":1317,"href":"https:\/\/www.polarauroracabins.com\/fi\/wp-json\/wp\/v2\/pages\/939\/revisions\/1317"}],"wp:featuredmedia":[{"embeddable":true,"href":"https:\/\/www.polarauroracabins.com\/fi\/wp-json\/wp\/v2\/media\/446"}],"wp:attachment":[{"href":"https:\/\/www.polarauroracabins.com\/fi\/wp-json\/wp\/v2\/media?parent=939"}],"curies":[{"name":"wp","href":"https:\/\/api.w.org\/{rel}","templated":true}]}}