{"id":991,"date":"2021-05-06T11:01:21","date_gmt":"2021-05-06T11:01:21","guid":{"rendered":"https:\/\/whm42.louhi.net\/~polaraur\/terms-and-conditions\/"},"modified":"2024-07-05T14:22:40","modified_gmt":"2024-07-05T11:22:40","slug":"terms-and-conditions","status":"publish","type":"page","link":"https:\/\/www.polarauroracabins.com\/fi\/terms-and-conditions\/","title":{"rendered":"Varausehdot"},"content":{"rendered":"<h4><strong>Varaukset ja maksut<\/strong><\/h4>\n<ul>\n<li>Majoitus\u2013 ja lis\u00e4palveluvaraus maksetaan 100% varausta tehdess\u00e4.<\/li>\n<li>Varaus on vahvistettu, kun maksu on suoritettu kokonaisuudessaan.<\/li>\n<li>Minimivarausaika on kaksi 2 vuorokautta.<\/li>\n<li>Kaikki muutos\u2013 ja oikaisupyynn\u00f6t tulee tehd\u00e4 kirjallisesti, info@polarauroracabins.com<\/li>\n<li>Ylivoimaisen ennakoimattoman esteen sattuessa (Force Majeure, esim. sota, lakko tai muu luonnon olosuhteisiin liittyv\u00e4 este jne.). N\u00e4iss\u00e4 tapauksissa asiakas voi muuttaa varauksen p\u00e4iv\u00e4m\u00e4\u00e4ri\u00e4 yhden kerran kuluitta (saatavuus huomioon ottaen). Hinta tarkistetaan voimassa olevan hinnaston mukaan, mahdollinen erotus veloitetaan.<\/li>\n<li>Sairastapauksissa noudatamme normaaleja varausehtojamme.<\/li>\n<li>Suosittelemme matkavakuutuksen ottamista kaikille asiakkaillemme.<\/li>\n<li>Polar Aurora Cabinssill\u00e4 on oikeus perua varaus:\n<ul>\n<li>Jos varausta ei ole maksettu er\u00e4p\u00e4iv\u00e4\u00e4n menness\u00e4 tai sopimuksen mukaan<\/li>\n<li>Ylivoimaisen ennakoimattoman esteen sattuessa (Force Majeure, esim. sota, lakko tai muu luonnon olosuhteisiin liittyv\u00e4 este jne). Asiakas on oikeutettu maksun palautukseen.<\/li>\n<\/ul>\n<\/li>\n<\/ul>\n<ul>\n<li><strong>COVID-19 aiheuttamat kansainv\u00e4liset matkustusrajoitukset eiv\u00e4t ole ennakoimattomia ja sen aiheuttamat matkustusrajoitukset eiv\u00e4t muodosta Force Majoure -tilannetta, Asiakkaan peruutuksen ja saapumatta j\u00e4\u00e4miseen sovelletaan t\u00e4ss\u00e4 tilanteessa normaaleja varaus\u2013 ja peruutusehtoja<\/strong>.<\/li>\n<li>Loman aikana asiakkaalle sattuneiden omien vahinkojen korvaaminen kuuluu asiakkaan oman matkavakuutuksen piiriin. Matkavakuutuksen ottaminen on suositeltavaa.<\/li>\n<\/ul>\n<h4><\/h4>\n<h4><strong>Aktiviteetti ehdot ja s\u00e4\u00e4nn\u00f6t<\/strong><\/h4>\n<ul>\n<li><strong>\u00a0<\/strong>Talviaktiviteetit alkavat heti s\u00e4\u00e4n salliessa, kun lumi ja j\u00e4\u00e4olosuhteet ovat turvalliset.<\/li>\n<li>Aktiviteettej\u00e4 varatessa maksetaan varausmaksu 40 % kokonaissummasta ja loppusumma maksetaan saapuessa. Varausmaksua ei palauteta.<\/li>\n<li>Kaikki aktiviteetit alkavat ja loppuvat Polar Aurora Cabinssilt\u00e4 ja ne ovat voimassa min. 2 osallistujaa. Hintoihin sis\u00e4ltyy: kuljetukset, opastus, tarvittaessa talvihaalarit ja kyp\u00e4r\u00e4t. Muistathan pukeutua l\u00e4mpim\u00e4sti ja s\u00e4\u00e4n mukaisesti!<\/li>\n<li>Alle 2-vuotiaille emme suosittele husky-, moottorikelkka- tai pilkkisafaria. Vanhemmat ovat vastuussa aktiviteeteill\u00e4 alle 18-vuotiaista lapsista.<\/li>\n<li>Turvallisuussyist\u00e4 emme suosittele raskaana oleville husky- tai moottorikelkkasafareita. Raskaana oleva osallistuu muihin aktiviteetteihin omalla vastuulla.<\/li>\n<li>Aktiviteettien ilmoitettu kestoaika on arvioitu aika. Pituus voi vaihdella s\u00e4\u00e4olosuhteiden tai muiden ennalta-arvaamattomien muutosten johdosta. Polar Aurora Cabins ei ole vastuussa asiakkaalle aiheutumista lis\u00e4kuluista mahdollisen viiv\u00e4styksen takia.<\/li>\n<\/ul>\n<h6><strong>\u00a0<\/strong><strong>Moottorikelkkasafari erityisehdot<\/strong><\/h6>\n<ul>\n<li>Moottorikelkan kuljettajan t\u00e4ytyy olla 18-vuotias ja h\u00e4nell\u00e4 on oltava voimassa oleva ajokortti, joka tulee olla safarilla mukana.<\/li>\n<li>Moottorikelkat ovat Suomen lain mukaisesti vakuutetut. Vakuutus kattaa kuljettajan ja matkustajan sek\u00e4 muille henkil\u00f6ille ja ajoneuvoille aiheutuneet vahingot.<\/li>\n<li>Kuljettaja on t\u00e4ysin vastuussa h\u00e4nelle luovutetusta moottorikelkasta ja siihen tulevista mahdollisista vahingoista. Vahingon sattuessa omavastuu on enint\u00e4\u00e4n 1200\u20ac \/moottorikelkka \/ vahinko.<\/li>\n<li>Vahinkoja v\u00e4ltt\u00e4\u00e4ksemme, t\u00e4ytyy noudattaa oppaan ohjeistuksia.<\/li>\n<li>Ennen moottorikelkkasafarin alkua annetaan ajo\u2013 ja turvallisuusopetus.<\/li>\n<li>Lapset istuvat oppaan kuljettaman moottorikelkan reen kyydiss\u00e4.<\/li>\n<li>Suomen lain mukaan moottorikelkkaa ei saa kuljettaa alkoholin tai muun huumaavan aineen vaikutuksen alaisena.<\/li>\n<\/ul>\n<h6><strong>Revontulet<\/strong><\/h6>\n<ul>\n<li>Revontulisafareilla ei ole 100 % takuuta n\u00e4hd\u00e4 revontulia. Revontulet ovat luonnonilmi\u00f6, eik\u00e4 niiden n\u00e4kymist\u00e4 voida taata. Vaikka revontulia ei n\u00e4y, maksua ei palauteta. Paras revontuliaika 1.9.\u201331.3.<\/li>\n<\/ul>\n<h6><strong>Polar Aurora Cabins pid\u00e4tt\u00e4\u00e4 oikeuden muutoksiin ja oikeuden peruuttaa aktiviteetin<br \/>\n<\/strong><\/h6>\n<ul>\n<li>Jos osallistujia on v\u00e4hemm\u00e4n kuin 2 henkil\u00f6\u00e4.<\/li>\n<li>Vallitsevien s\u00e4\u00e4olosuhteiden takia (esim. lumen v\u00e4hyys) tai turvallisuussyist\u00e4.<\/li>\n<li>Jos osallistujan katsotaan olevan vaaraksi itselleen tai muille tai jos osallistujan terveydentila on huono.<\/li>\n<li>Jos aktiviteettimaksua ei ole suoritettu er\u00e4p\u00e4iv\u00e4\u00e4n menness\u00e4.<\/li>\n<\/ul>\n<h6>&#8212;<\/h6>\n<ul>\n<li>Polar Aurora Cabinsilla on yleinen vastuuvakuutus.<\/li>\n<li>Kaikki hinnat sis\u00e4lt\u00e4v\u00e4t arvonlis\u00e4veron.<\/li>\n<li>Pid\u00e4t\u00e4mme oikeuden muutoksiin.<\/li>\n<\/ul>\n<h4><\/h4>\n<h4><strong>M\u00f6kkis\u00e4\u00e4nt\u00f6j\u00e4 ja ohjeita<\/strong><\/h4>\n<ul>\n<li>Huoneiston\/m\u00f6kin avain l\u00f6ytyy huoneiston\/m\u00f6kin ulko-oven vierest\u00e4 avainboksista. L\u00e4het\u00e4mme l\u00e4hemp\u00e4n\u00e4 saapumisp\u00e4iv\u00e4\u00e4 teille s\u00e4hk\u00f6postilla huoneisto-\/m\u00f6kkitiedot ja avainboksin koodin.<\/li>\n<li>M\u00f6kki on k\u00e4yt\u00f6ss\u00e4nne tulop\u00e4iv\u00e4n\u00e4 klo 16.00 l\u00e4htien ja l\u00e4ht\u00f6p\u00e4iv\u00e4n\u00e4 klo 11.00 saakka.<\/li>\n<li>Hiljaisuus on kello 22.00 &#8211; 7.00.<\/li>\n<li>Puutteista \/ reklamaatioista on ilmoitettava viipym\u00e4tt\u00e4. J\u00e4lkik\u00e4teen tehtyj\u00e4 valituksia emme valitettavasti voi huomioida.<\/li>\n<li>Asiakas on velvollinen korvaamaan m\u00f6kille tai sen irtaimistolle aiheuttamansa vahingot.<\/li>\n<li>M\u00f6kki\u00e4 saa k\u00e4ytt\u00e4\u00e4 enimmill\u00e4\u00e4n se henkil\u00f6m\u00e4\u00e4r\u00e4, joka on varattaessa sovittu.<\/li>\n<li>Lemmikkiel\u00e4imi\u00e4 ei saa tuoda majoitustiloihin<\/li>\n<li>Tupakointi on kielletty kaikissa m\u00f6kkien sis\u00e4tiloissa. Mik\u00e4li huoneistossa on poltettu, veloitetaan siit\u00e4 300\u20ac siivous -ja tuuletuskulu.<\/li>\n<li>Avotulen tekeminen on kielletty\u00e4 kaikkialla muualla kuin tulentekopaikalla.<\/li>\n<li>Aiheettoman paloh\u00e4lytyksen aiheuttamisesta ja sen kuittaamisesta veloitamme 50\u20ac.<\/li>\n<li>Oven aukaisupalvelu numerosta +358 40 511 8255. Oven aukaisusta veloitamme klo 8.00 &#8211; 20.00 50\u20ac ja klo 20.00 &#8211; 8.00 100\u20ac.<\/li>\n<li>Muistathan aina sulkea ulko-oven ja saunan oven kunnolla.<\/li>\n<li>Pois l\u00e4hdetty\u00e4nne edellyt\u00e4mme huoneiston olevan normaalin asumisen j\u00e4ljilt\u00e4. Huonekalut ja muut varusteet paikoillaan ja ehjin\u00e4, roskat roskiksessa ja tiskit tiskattuna \/ koneessa.<\/li>\n<li>L\u00e4htiess\u00e4nne tarkista viel\u00e4, ett\u00e4 s\u00e4hk\u00f6laitteet on suljettu (my\u00f6s saunan kiuas).<\/li>\n<li>Asiakkaalle loman aikana sattuneiden omien vahinkojen korvaaminen kuuluu asiakkaan oman matkavakuutuksen piiriin. Matkavakuutuksen ottaminen on suositeltavaa.<\/li>\n<\/ul>\n<p>Jos sinulla on jotain kysytt\u00e4v\u00e4\u00e4, olethan meihin yhteydess\u00e4 info@polarauroracabins.com<\/p>\n<p>&nbsp;<\/p>\n<p>&nbsp;<\/p>\n","protected":false},"excerpt":{"rendered":"<p>Varaukset ja maksut Majoitus\u2013 ja lis\u00e4palveluvaraus maksetaan 100% varausta tehdess\u00e4. Varaus on vahvistettu, kun maksu on suoritettu kokonaisuudessaan. Minimivarausaika on kaksi 2 vuorokautta. Kaikki muutos\u2013 ja oikaisupyynn\u00f6t tulee tehd\u00e4 kirjallisesti, info@polarauroracabins.com Ylivoimaisen ennakoimattoman esteen sattuessa (Force Majeure, esim. sota, lakko tai muu luonnon olosuhteisiin liittyv\u00e4 este jne.). N\u00e4iss\u00e4 tapauksissa asiakas voi muuttaa varauksen p\u00e4iv\u00e4m\u00e4\u00e4ri\u00e4 yhden [&#8230;]<\/p>\n<p><a class=\"btn btn-secondary understrap-read-more-link\" href=\"https:\/\/www.polarauroracabins.com\/fi\/terms-and-conditions\/\">Read More&#8230;<\/a><\/p>\n","protected":false},"author":2,"featured_media":756,"parent":0,"menu_order":0,"comment_status":"closed","ping_status":"closed","template":"","meta":{"footnotes":""},"class_list":["post-991","page","type-page","status-publish","has-post-thumbnail","hentry"],"_links":{"self":[{"href":"https:\/\/www.polarauroracabins.com\/fi\/wp-json\/wp\/v2\/pages\/991","targetHints":{"allow":["GET"]}}],"collection":[{"href":"https:\/\/www.polarauroracabins.com\/fi\/wp-json\/wp\/v2\/pages"}],"about":[{"href":"https:\/\/www.polarauroracabins.com\/fi\/wp-json\/wp\/v2\/types\/page"}],"author":[{"embeddable":true,"href":"https:\/\/www.polarauroracabins.com\/fi\/wp-json\/wp\/v2\/users\/2"}],"replies":[{"embeddable":true,"href":"https:\/\/www.polarauroracabins.com\/fi\/wp-json\/wp\/v2\/comments?post=991"}],"version-history":[{"count":25,"href":"https:\/\/www.polarauroracabins.com\/fi\/wp-json\/wp\/v2\/pages\/991\/revisions"}],"predecessor-version":[{"id":1430,"href":"https:\/\/www.polarauroracabins.com\/fi\/wp-json\/wp\/v2\/pages\/991\/revisions\/1430"}],"wp:featuredmedia":[{"embeddable":true,"href":"https:\/\/www.polarauroracabins.com\/fi\/wp-json\/wp\/v2\/media\/756"}],"wp:attachment":[{"href":"https:\/\/www.polarauroracabins.com\/fi\/wp-json\/wp\/v2\/media?parent=991"}],"curies":[{"name":"wp","href":"https:\/\/api.w.org\/{rel}","templated":true}]}}