{"id":695,"date":"2020-10-16T12:42:33","date_gmt":"2020-10-16T12:42:33","guid":{"rendered":"https:\/\/whm42.louhi.net\/~polaraur\/product\/aurora-borealis-hunting-by-minibus\/"},"modified":"2025-04-08T21:07:23","modified_gmt":"2025-04-08T18:07:23","slug":"aurora-borealis-hunting-by-minibus","status":"publish","type":"product","link":"https:\/\/www.polarauroracabins.com\/fi\/product\/aurora-borealis-hunting-by-minibus\/","title":{"rendered":"Revontulien mets\u00e4stys minibussilla"},"content":{"rendered":"<p>T\u00e4ll\u00e4 safarilla l\u00e4hdemme mets\u00e4st\u00e4m\u00e4\u00e4n revontulia minibussilla. Opas kuljettaa meid\u00e4t parhaimpaan mahdolliseen revontuli n\u00e4k\u00f6alapaikkaan. Matkan aikana tarjolla on kuumaa mehua. Jos meill\u00e4 on onnea ja taivas on selke\u00e4, saatamme n\u00e4hd\u00e4 taianomaisen revontulien v\u00e4riloisteen taivaalla. HUOM! Ei takuuta revontulien n\u00e4kemiselle.<\/p>\n<ul>\n<li>3h<\/li>\n<li>135\u20ac \/ henkil\u00f6<\/li>\n<\/ul>\n","protected":false},"excerpt":{"rendered":"<p>T\u00e4ll\u00e4 safarilla l\u00e4hdemme mets\u00e4st\u00e4m\u00e4\u00e4n revontulia minibussilla. Opas kuljettaa meid\u00e4t parhaimpaan mahdolliseen revontuli n\u00e4k\u00f6alapaikkaan. Matkan aikana tarjolla on kuumaa mehua. Jos meill\u00e4 on onnea ja taivas on selke\u00e4, saatamme n\u00e4hd\u00e4 taianomaisen revontulien v\u00e4riloisteen taivaalla. HUOM! Ei takuuta revontulien n\u00e4kemiselle. [&#8230;]<\/p>\n<p><a class=\"btn btn-secondary understrap-read-more-link\" href=\"https:\/\/www.polarauroracabins.com\/fi\/product\/aurora-borealis-hunting-by-minibus\/\">Read More&#8230;<\/a><\/p>\n","protected":false},"featured_media":254,"template":"","meta":[],"product_brand":[],"product_cat":[16],"product_tag":[],"class_list":{"0":"post-695","1":"product","2":"type-product","3":"status-publish","4":"has-post-thumbnail","6":"product_cat-aktiviteetit","8":"first","9":"instock","10":"taxable","11":"shipping-taxable","12":"product-type-simple"},"_links":{"self":[{"href":"https:\/\/www.polarauroracabins.com\/fi\/wp-json\/wp\/v2\/product\/695","targetHints":{"allow":["GET"]}}],"collection":[{"href":"https:\/\/www.polarauroracabins.com\/fi\/wp-json\/wp\/v2\/product"}],"about":[{"href":"https:\/\/www.polarauroracabins.com\/fi\/wp-json\/wp\/v2\/types\/product"}],"wp:featuredmedia":[{"embeddable":true,"href":"https:\/\/www.polarauroracabins.com\/fi\/wp-json\/wp\/v2\/media\/254"}],"wp:attachment":[{"href":"https:\/\/www.polarauroracabins.com\/fi\/wp-json\/wp\/v2\/media?parent=695"}],"wp:term":[{"taxonomy":"product_brand","embeddable":true,"href":"https:\/\/www.polarauroracabins.com\/fi\/wp-json\/wp\/v2\/product_brand?post=695"},{"taxonomy":"product_cat","embeddable":true,"href":"https:\/\/www.polarauroracabins.com\/fi\/wp-json\/wp\/v2\/product_cat?post=695"},{"taxonomy":"product_tag","embeddable":true,"href":"https:\/\/www.polarauroracabins.com\/fi\/wp-json\/wp\/v2\/product_tag?post=695"}],"curies":[{"name":"wp","href":"https:\/\/api.w.org\/{rel}","templated":true}]}}