{"id":697,"date":"2020-10-16T12:44:29","date_gmt":"2020-10-16T12:44:29","guid":{"rendered":"https:\/\/whm42.louhi.net\/~polaraur\/product\/rekiajelu-revontulia-metsastaen\/"},"modified":"2025-04-08T21:03:41","modified_gmt":"2025-04-08T18:03:41","slug":"rekiajelu-revontulia-metsastaen","status":"publish","type":"product","link":"https:\/\/www.polarauroracabins.com\/fi\/product\/rekiajelu-revontulia-metsastaen\/","title":{"rendered":"Rekiajelu revontulia mets\u00e4st\u00e4en"},"content":{"rendered":"<p>Opas johdattaa meid\u00e4t l\u00e4pi talvisen mets\u00e4n l\u00f6yt\u00e4\u00e4kseen parhaimman mahdollisen paikan n\u00e4hd\u00e4ksemme revontulet. Me voimme nauttia talvisesta luonnosta reess\u00e4 istuen ja tarkkailla taivasta, sill\u00e4 revontulet saattavat ilmesty\u00e4 yht\u00e4kki\u00e4 yl\u00e4puolellemme. Safarilla on tarjolla l\u00e4mmint\u00e4 mehua.<\/p>\n<ul>\n<li>2,5h<\/li>\n<li>145\u20ac \/ henkil\u00f6<\/li>\n<\/ul>\n<p>Haluatko ajaa itse moottorikelkalla? Voimme l\u00e4hte\u00e4 my\u00f6s jahtaamaan revontulia kelkkailen. Ennen l\u00e4ht\u00f6\u00e4 opas kertoo ajo &#8211; ja turvallisuusohjeet. Kaksi henkil\u00f6\u00e4 jakaa yhden kelkan.<\/p>\n<ul>\n<li>Hinta 185\u20ac \/ henkil\u00f6<\/li>\n<\/ul>\n","protected":false},"excerpt":{"rendered":"<p>Opas johdattaa meid\u00e4t l\u00e4pi talvisen mets\u00e4n l\u00f6yt\u00e4\u00e4kseen parhaimman mahdollisen paikan n\u00e4hd\u00e4ksemme revontulet. Me voimme nauttia talvisesta luonnosta reess\u00e4 istuen ja tarkkailla taivasta, sill\u00e4 revontulet saattavat ilmesty\u00e4 yht\u00e4kki\u00e4 yl\u00e4puolellemme. Safarilla on tarjolla l\u00e4mmint\u00e4 mehua. [&#8230;]<\/p>\n<p><a class=\"btn btn-secondary understrap-read-more-link\" href=\"https:\/\/www.polarauroracabins.com\/fi\/product\/rekiajelu-revontulia-metsastaen\/\">Read More&#8230;<\/a><\/p>\n","protected":false},"featured_media":260,"template":"","meta":[],"product_brand":[],"product_cat":[16],"product_tag":[],"class_list":{"0":"post-697","1":"product","2":"type-product","3":"status-publish","4":"has-post-thumbnail","6":"product_cat-aktiviteetit","8":"first","9":"instock","10":"taxable","11":"shipping-taxable","12":"product-type-simple"},"_links":{"self":[{"href":"https:\/\/www.polarauroracabins.com\/fi\/wp-json\/wp\/v2\/product\/697","targetHints":{"allow":["GET"]}}],"collection":[{"href":"https:\/\/www.polarauroracabins.com\/fi\/wp-json\/wp\/v2\/product"}],"about":[{"href":"https:\/\/www.polarauroracabins.com\/fi\/wp-json\/wp\/v2\/types\/product"}],"wp:featuredmedia":[{"embeddable":true,"href":"https:\/\/www.polarauroracabins.com\/fi\/wp-json\/wp\/v2\/media\/260"}],"wp:attachment":[{"href":"https:\/\/www.polarauroracabins.com\/fi\/wp-json\/wp\/v2\/media?parent=697"}],"wp:term":[{"taxonomy":"product_brand","embeddable":true,"href":"https:\/\/www.polarauroracabins.com\/fi\/wp-json\/wp\/v2\/product_brand?post=697"},{"taxonomy":"product_cat","embeddable":true,"href":"https:\/\/www.polarauroracabins.com\/fi\/wp-json\/wp\/v2\/product_cat?post=697"},{"taxonomy":"product_tag","embeddable":true,"href":"https:\/\/www.polarauroracabins.com\/fi\/wp-json\/wp\/v2\/product_tag?post=697"}],"curies":[{"name":"wp","href":"https:\/\/api.w.org\/{rel}","templated":true}]}}