{"id":700,"date":"2020-10-30T13:18:35","date_gmt":"2020-10-30T13:18:35","guid":{"rendered":"https:\/\/whm42.louhi.net\/~polaraur\/product\/day-in-inari-village\/"},"modified":"2024-09-05T13:55:32","modified_gmt":"2024-09-05T10:55:32","slug":"paiva-inarissa","status":"publish","type":"product","link":"https:\/\/www.polarauroracabins.com\/fi\/product\/paiva-inarissa\/","title":{"rendered":"P\u00e4iv\u00e4 Inarissa"},"content":{"rendered":"<p>Opi lis\u00e4\u00e4 saamelaisten kulttuurista ja historiasta sek\u00e4 Lapin luonnosta. T\u00e4n\u00e4\u00e4n vierailemme Siida saamelaismuseossa ja luontokeskuksessa Inarin kyl\u00e4ss\u00e4. Matka Inariin on jo kokemuksen arvoinen, sill\u00e4 se mutkittelee kauniissa maisemissa. Matka noin 60 min. \/ suunta. Hintaan sis\u00e4ltyy kuljetus ja museon sis\u00e4\u00e4np\u00e4\u00e4sy.<\/p>\n<ul>\n<li>4h, museon aukioloaikojen mukaan<\/li>\n<li>165\u20ac \/ henkil\u00f6<\/li>\n<li>minimi 4 henkil\u00f6\u00e4<\/li>\n<\/ul>\n","protected":false},"excerpt":{"rendered":"<p>Opi lis\u00e4\u00e4 saamelaisten kulttuurista ja historiasta sek\u00e4 Lapin luonnosta. T\u00e4n\u00e4\u00e4n vierailemme Siida saamelaismuseossa ja luontokeskuksessa Inarin kyl\u00e4ss\u00e4.\u00a0 Matka Inariin on jo kokemuksen arvoinen, sill\u00e4 se mutkittelee kauniissa maisemissa. Matka noin 60 min. \/ suunta. Hintaan sis\u00e4ltyy kuljetus ja museon sis\u00e4\u00e4np\u00e4\u00e4sy. [&#8230;]<\/p>\n<p><a class=\"btn btn-secondary understrap-read-more-link\" href=\"https:\/\/www.polarauroracabins.com\/fi\/product\/paiva-inarissa\/\">Read More&#8230;<\/a><\/p>\n","protected":false},"featured_media":236,"template":"","meta":[],"product_brand":[],"product_cat":[16],"product_tag":[],"class_list":{"0":"post-700","1":"product","2":"type-product","3":"status-publish","4":"has-post-thumbnail","6":"product_cat-aktiviteetit","8":"first","9":"instock","10":"taxable","11":"shipping-taxable","12":"product-type-simple"},"_links":{"self":[{"href":"https:\/\/www.polarauroracabins.com\/fi\/wp-json\/wp\/v2\/product\/700","targetHints":{"allow":["GET"]}}],"collection":[{"href":"https:\/\/www.polarauroracabins.com\/fi\/wp-json\/wp\/v2\/product"}],"about":[{"href":"https:\/\/www.polarauroracabins.com\/fi\/wp-json\/wp\/v2\/types\/product"}],"wp:featuredmedia":[{"embeddable":true,"href":"https:\/\/www.polarauroracabins.com\/fi\/wp-json\/wp\/v2\/media\/236"}],"wp:attachment":[{"href":"https:\/\/www.polarauroracabins.com\/fi\/wp-json\/wp\/v2\/media?parent=700"}],"wp:term":[{"taxonomy":"product_brand","embeddable":true,"href":"https:\/\/www.polarauroracabins.com\/fi\/wp-json\/wp\/v2\/product_brand?post=700"},{"taxonomy":"product_cat","embeddable":true,"href":"https:\/\/www.polarauroracabins.com\/fi\/wp-json\/wp\/v2\/product_cat?post=700"},{"taxonomy":"product_tag","embeddable":true,"href":"https:\/\/www.polarauroracabins.com\/fi\/wp-json\/wp\/v2\/product_tag?post=700"}],"curies":[{"name":"wp","href":"https:\/\/api.w.org\/{rel}","templated":true}]}}