{"id":704,"date":"2020-10-30T13:19:56","date_gmt":"2020-10-30T13:19:56","guid":{"rendered":"https:\/\/whm42.louhi.net\/~polaraur\/product\/husky-safari\/"},"modified":"2025-06-29T18:09:17","modified_gmt":"2025-06-29T15:09:17","slug":"husky-safari","status":"publish","type":"product","link":"https:\/\/www.polarauroracabins.com\/fi\/product\/husky-safari\/","title":{"rendered":"Husky Safari"},"content":{"rendered":"<p>Ajamme itse koiravaljakkoa l\u00e4pi lumisia mets\u00e4reittej\u00e4, joten ennen safarin alkua saamme ajo-opastuksen ja turvallisuusohjeet. Kaksi henkil\u00f6\u00e4 jakaa yhden huskyvaljakon ja puolessa v\u00e4li\u00e4 matkaa vaihdamme kuljettajaa. Valjakon vauhdinhurmasta saamme nauttia noin yhden tunnin. Ajon j\u00e4lkeen tarjolla kuumaa juotavaa ja opas kertoo huskyfarmin karvakorvien el\u00e4m\u00e4st\u00e4.<\/p>\n<ul>\n<li>2h + ajomatka n. 15 min.<\/li>\n<li>225\u20ac \/ aikuinen<\/li>\n<li>165\u20ac \/ lapset 4-10v<\/li>\n<\/ul>\n","protected":false},"excerpt":{"rendered":"<p>Ajamme itse koiravaljakkoa l\u00e4pi lumisia mets\u00e4reittej\u00e4, joten ennen safarin alkua saamme ajo-opastuksen ja turvallisuusohjeet. Kaksi henkil\u00f6\u00e4 jakaa yhden huskyvaljakon ja puolessa v\u00e4li\u00e4 matkaa vaihdamme kuljettajaa. Valjakon vauhdinhurmasta saamme nauttia noin yhden tunnin. Ajon j\u00e4lkeen tarjolla kuumaa juotavaa ja opas kertoo huskyfarmin karvakorvien el\u00e4m\u00e4st\u00e4. [&#8230;]<\/p>\n<p><a class=\"btn btn-secondary understrap-read-more-link\" href=\"https:\/\/www.polarauroracabins.com\/fi\/product\/husky-safari\/\">Read More&#8230;<\/a><\/p>\n","protected":false},"featured_media":762,"template":"","meta":[],"product_brand":[],"product_cat":[16],"product_tag":[],"class_list":{"0":"post-704","1":"product","2":"type-product","3":"status-publish","4":"has-post-thumbnail","6":"product_cat-aktiviteetit","8":"first","9":"instock","10":"taxable","11":"shipping-taxable","12":"product-type-simple"},"_links":{"self":[{"href":"https:\/\/www.polarauroracabins.com\/fi\/wp-json\/wp\/v2\/product\/704","targetHints":{"allow":["GET"]}}],"collection":[{"href":"https:\/\/www.polarauroracabins.com\/fi\/wp-json\/wp\/v2\/product"}],"about":[{"href":"https:\/\/www.polarauroracabins.com\/fi\/wp-json\/wp\/v2\/types\/product"}],"wp:featuredmedia":[{"embeddable":true,"href":"https:\/\/www.polarauroracabins.com\/fi\/wp-json\/wp\/v2\/media\/762"}],"wp:attachment":[{"href":"https:\/\/www.polarauroracabins.com\/fi\/wp-json\/wp\/v2\/media?parent=704"}],"wp:term":[{"taxonomy":"product_brand","embeddable":true,"href":"https:\/\/www.polarauroracabins.com\/fi\/wp-json\/wp\/v2\/product_brand?post=704"},{"taxonomy":"product_cat","embeddable":true,"href":"https:\/\/www.polarauroracabins.com\/fi\/wp-json\/wp\/v2\/product_cat?post=704"},{"taxonomy":"product_tag","embeddable":true,"href":"https:\/\/www.polarauroracabins.com\/fi\/wp-json\/wp\/v2\/product_tag?post=704"}],"curies":[{"name":"wp","href":"https:\/\/api.w.org\/{rel}","templated":true}]}}