{"id":712,"date":"2020-11-04T09:28:46","date_gmt":"2020-11-04T09:28:46","guid":{"rendered":"https:\/\/whm42.louhi.net\/~polaraur\/product\/reindeer-safari\/"},"modified":"2025-04-08T20:52:16","modified_gmt":"2025-04-08T17:52:16","slug":"porosafari","status":"publish","type":"product","link":"https:\/\/www.polarauroracabins.com\/fi\/product\/porosafari\/","title":{"rendered":"Porosafari"},"content":{"rendered":"<p>Porofarmin henkil\u00f6kunta noutaa sinut m\u00f6keilt\u00e4 porofarmille. Porojen vet\u00e4m\u00e4n reen kyydiss\u00e4 p\u00e4\u00e4set noin 45minuutin pituiselle taianomaiselle mets\u00e4reitille, jonka j\u00e4lkeen p\u00e4\u00e4set kiitt\u00e4m\u00e4\u00e4n poroja sy\u00f6tt\u00e4m\u00e4ll\u00e4 heille j\u00e4k\u00e4l\u00e4\u00e4. Kodassa on tarjolla kahvia \/ teet\u00e4 ja pullaa, oppaan kertoessa poronhoidosta ja saamelaisuudesta. Yhden reen jakaa 2 henkil\u00f6\u00e4.<\/p>\n<ul>\n<li>2h + ajomatka n. 15min<\/li>\n<li>165\u20ac \/ aikuinen<\/li>\n<li>82,50\u20ac \/ lapset 2-11v<\/li>\n<\/ul>\n","protected":false},"excerpt":{"rendered":"<p>Porofarmin henkil\u00f6kunta noutaa sinut m\u00f6keilt\u00e4 porofarmille. Porojen vet\u00e4m\u00e4n reen kyydiss\u00e4 p\u00e4\u00e4set noin 45minuutin pituiselle taianomaiselle mets\u00e4reitille, jonka j\u00e4lkeen p\u00e4\u00e4set kiitt\u00e4m\u00e4\u00e4n poroja sy\u00f6tt\u00e4m\u00e4ll\u00e4 heille j\u00e4k\u00e4l\u00e4\u00e4. Kodassa on tarjolla kahvia \/ teet\u00e4 ja pullaa, oppaan kertoessa poronhoidosta ja saamelaisuudesta. Yhden reen jakaa 2 henkil\u00f6\u00e4. [&#8230;]<\/p>\n<p><a class=\"btn btn-secondary understrap-read-more-link\" href=\"https:\/\/www.polarauroracabins.com\/fi\/product\/porosafari\/\">Read More&#8230;<\/a><\/p>\n","protected":false},"featured_media":766,"template":"","meta":[],"product_brand":[],"product_cat":[16],"product_tag":[],"class_list":{"0":"post-712","1":"product","2":"type-product","3":"status-publish","4":"has-post-thumbnail","6":"product_cat-aktiviteetit","8":"first","9":"instock","10":"taxable","11":"shipping-taxable","12":"product-type-simple"},"_links":{"self":[{"href":"https:\/\/www.polarauroracabins.com\/fi\/wp-json\/wp\/v2\/product\/712","targetHints":{"allow":["GET"]}}],"collection":[{"href":"https:\/\/www.polarauroracabins.com\/fi\/wp-json\/wp\/v2\/product"}],"about":[{"href":"https:\/\/www.polarauroracabins.com\/fi\/wp-json\/wp\/v2\/types\/product"}],"wp:featuredmedia":[{"embeddable":true,"href":"https:\/\/www.polarauroracabins.com\/fi\/wp-json\/wp\/v2\/media\/766"}],"wp:attachment":[{"href":"https:\/\/www.polarauroracabins.com\/fi\/wp-json\/wp\/v2\/media?parent=712"}],"wp:term":[{"taxonomy":"product_brand","embeddable":true,"href":"https:\/\/www.polarauroracabins.com\/fi\/wp-json\/wp\/v2\/product_brand?post=712"},{"taxonomy":"product_cat","embeddable":true,"href":"https:\/\/www.polarauroracabins.com\/fi\/wp-json\/wp\/v2\/product_cat?post=712"},{"taxonomy":"product_tag","embeddable":true,"href":"https:\/\/www.polarauroracabins.com\/fi\/wp-json\/wp\/v2\/product_tag?post=712"}],"curies":[{"name":"wp","href":"https:\/\/api.w.org\/{rel}","templated":true}]}}