{"id":714,"date":"2020-11-04T10:51:21","date_gmt":"2020-11-04T10:51:21","guid":{"rendered":"https:\/\/whm42.louhi.net\/~polaraur\/product\/snowmobile-safari-to-the-snowy-forest\/"},"modified":"2025-04-08T20:55:34","modified_gmt":"2025-04-08T17:55:34","slug":"moottorikelkka-safari-talviseen-metsaan","status":"publish","type":"product","link":"https:\/\/www.polarauroracabins.com\/fi\/product\/moottorikelkka-safari-talviseen-metsaan\/","title":{"rendered":"Moottorikelkka safari talviseen mets\u00e4\u00e4n"},"content":{"rendered":"<p>Oppaan johdolla ajamme Saarisel\u00e4n kelkkareittej\u00e4 pitkin nauttien talvisista maisemista. Ennen safarin alkua opas pit\u00e4\u00e4 ajo -ja turvallisuusohjeistuksen. Alle 18 vuotiaat lapset matkustavat oppaan vet\u00e4m\u00e4ss\u00e4 reess\u00e4.<\/p>\n<ul>\n<li>2,5h<\/li>\n<li>155\u20ac \/ aikuinen, kun kaksi henkil\u00f6\u00e4 \/ moottorikelkka<\/li>\n<li>95\u20ac \/ lapsi 2-10 v<\/li>\n<li>Lis\u00e4maksu jos haluat ajaa yksin 40\u20ac \/ henkil\u00f6<\/li>\n<\/ul>\n","protected":false},"excerpt":{"rendered":"<p>Oppaan johdolla ajamme Saarisel\u00e4n kelkkareittej\u00e4 pitkin nauttien talvisista maisemista. Ennen safarin alkua opas pit\u00e4\u00e4 ajo -ja turvallisuusohjeistuksen. Alle 18 vuotiaat lapset matkustavat oppaan vet\u00e4m\u00e4ss\u00e4 reess\u00e4. [&#8230;]<\/p>\n<p><a class=\"btn btn-secondary understrap-read-more-link\" href=\"https:\/\/www.polarauroracabins.com\/fi\/product\/moottorikelkka-safari-talviseen-metsaan\/\">Read More&#8230;<\/a><\/p>\n","protected":false},"featured_media":770,"template":"","meta":[],"product_brand":[],"product_cat":[16],"product_tag":[],"class_list":{"0":"post-714","1":"product","2":"type-product","3":"status-publish","4":"has-post-thumbnail","6":"product_cat-aktiviteetit","8":"first","9":"instock","10":"taxable","11":"shipping-taxable","12":"product-type-simple"},"_links":{"self":[{"href":"https:\/\/www.polarauroracabins.com\/fi\/wp-json\/wp\/v2\/product\/714","targetHints":{"allow":["GET"]}}],"collection":[{"href":"https:\/\/www.polarauroracabins.com\/fi\/wp-json\/wp\/v2\/product"}],"about":[{"href":"https:\/\/www.polarauroracabins.com\/fi\/wp-json\/wp\/v2\/types\/product"}],"wp:featuredmedia":[{"embeddable":true,"href":"https:\/\/www.polarauroracabins.com\/fi\/wp-json\/wp\/v2\/media\/770"}],"wp:attachment":[{"href":"https:\/\/www.polarauroracabins.com\/fi\/wp-json\/wp\/v2\/media?parent=714"}],"wp:term":[{"taxonomy":"product_brand","embeddable":true,"href":"https:\/\/www.polarauroracabins.com\/fi\/wp-json\/wp\/v2\/product_brand?post=714"},{"taxonomy":"product_cat","embeddable":true,"href":"https:\/\/www.polarauroracabins.com\/fi\/wp-json\/wp\/v2\/product_cat?post=714"},{"taxonomy":"product_tag","embeddable":true,"href":"https:\/\/www.polarauroracabins.com\/fi\/wp-json\/wp\/v2\/product_tag?post=714"}],"curies":[{"name":"wp","href":"https:\/\/api.w.org\/{rel}","templated":true}]}}