{"id":716,"date":"2020-11-04T10:52:40","date_gmt":"2020-11-04T10:52:40","guid":{"rendered":"https:\/\/whm42.louhi.net\/~polaraur\/product\/snowmobile-safari-with-soup-lunch\/"},"modified":"2025-04-08T20:50:51","modified_gmt":"2025-04-08T17:50:51","slug":"moottorikelkka-safari-kahvittelulla","status":"publish","type":"product","link":"https:\/\/www.polarauroracabins.com\/fi\/product\/moottorikelkka-safari-kahvittelulla\/","title":{"rendered":"Moottorikelkka safari kahvihetkell\u00e4"},"content":{"rendered":"<p>L\u00e4hdet\u00e4\u00e4n tutustumaan Saarisel\u00e4n ymp\u00e4rist\u00f6\u00f6n moottorikelkoilla! Ensimm\u00e4iseksi opas pit\u00e4\u00e4 ajo \u2013ja turvallisuusohjeistuksen ja t\u00e4m\u00e4n j\u00e4lkeen h\u00e4n johdattaa meid\u00e4t kelkkareittej\u00e4 pitkin Lapin lumiseen mets\u00e4\u00e4n ja tuntureille. Pys\u00e4hdymme kahvihetkelle paikalliseen kahvilaan. Kaksi henkil\u00f6\u00e4 jakaa yhden kelkan ja puolessa v\u00e4liss\u00e4 vaihdamme kuljettajaa. Alle 18 vuotiaat lapset matkustavat oppaan vet\u00e4m\u00e4ss\u00e4 reess\u00e4.<\/p>\n<ul>\n<li>4h<\/li>\n<li>195\u20ac \/ aikuinen, kun kaksi henkil\u00f6\u00e4 \/ moottorikelkka<\/li>\n<li>125\u20ac \/ lapsi 2-10v<\/li>\n<li>Lis\u00e4maksu jos haluat ajaa yksin 40\u20ac \/ henkil\u00f6<\/li>\n<\/ul>\n","protected":false},"excerpt":{"rendered":"<p>L\u00e4hdet\u00e4\u00e4n tutustumaan Saarisel\u00e4n ymp\u00e4rist\u00f6\u00f6n moottorikelkoilla! Ensimm\u00e4iseksi opas pit\u00e4\u00e4 ajo \u2013ja turvallisuusohjeistuksen ja t\u00e4m\u00e4n j\u00e4lkeen h\u00e4n johdattaa meid\u00e4t kelkkareittej\u00e4 pitkin Lapin lumiseen mets\u00e4\u00e4n ja tuntureille. Pys\u00e4hdymme keittolounaalle paikalliseen ravintolaan. Kaksi henkil\u00f6\u00e4 jakaa yhden kelkan ja puolessa v\u00e4liss\u00e4 vaihdamme kuljettajaa. Alle 18 vuotiaat lapset matkustavat oppaan vet\u00e4m\u00e4ss\u00e4 reess\u00e4. [&#8230;]<\/p>\n<p><a class=\"btn btn-secondary understrap-read-more-link\" href=\"https:\/\/www.polarauroracabins.com\/fi\/product\/moottorikelkka-safari-kahvittelulla\/\">Read More&#8230;<\/a><\/p>\n","protected":false},"featured_media":776,"template":"","meta":[],"product_brand":[],"product_cat":[16],"product_tag":[],"class_list":{"0":"post-716","1":"product","2":"type-product","3":"status-publish","4":"has-post-thumbnail","6":"product_cat-aktiviteetit","8":"first","9":"instock","10":"taxable","11":"shipping-taxable","12":"product-type-simple"},"_links":{"self":[{"href":"https:\/\/www.polarauroracabins.com\/fi\/wp-json\/wp\/v2\/product\/716","targetHints":{"allow":["GET"]}}],"collection":[{"href":"https:\/\/www.polarauroracabins.com\/fi\/wp-json\/wp\/v2\/product"}],"about":[{"href":"https:\/\/www.polarauroracabins.com\/fi\/wp-json\/wp\/v2\/types\/product"}],"wp:featuredmedia":[{"embeddable":true,"href":"https:\/\/www.polarauroracabins.com\/fi\/wp-json\/wp\/v2\/media\/776"}],"wp:attachment":[{"href":"https:\/\/www.polarauroracabins.com\/fi\/wp-json\/wp\/v2\/media?parent=716"}],"wp:term":[{"taxonomy":"product_brand","embeddable":true,"href":"https:\/\/www.polarauroracabins.com\/fi\/wp-json\/wp\/v2\/product_brand?post=716"},{"taxonomy":"product_cat","embeddable":true,"href":"https:\/\/www.polarauroracabins.com\/fi\/wp-json\/wp\/v2\/product_cat?post=716"},{"taxonomy":"product_tag","embeddable":true,"href":"https:\/\/www.polarauroracabins.com\/fi\/wp-json\/wp\/v2\/product_tag?post=716"}],"curies":[{"name":"wp","href":"https:\/\/api.w.org\/{rel}","templated":true}]}}