{"id":719,"date":"2020-11-04T10:54:18","date_gmt":"2020-11-04T10:54:18","guid":{"rendered":"https:\/\/whm42.louhi.net\/~polaraur\/product\/snowmobile-sledge-trip-with-a-snack\/"},"modified":"2024-09-05T13:53:36","modified_gmt":"2024-09-05T10:53:36","slug":"rekiretki-nuotiohetkella","status":"publish","type":"product","link":"https:\/\/www.polarauroracabins.com\/fi\/product\/rekiretki-nuotiohetkella\/","title":{"rendered":"Rekiretki nuotiohetkell\u00e4"},"content":{"rendered":"<p>Opas kuljettaa meid\u00e4t rekikyydill\u00e4 lumista mets\u00e4reitti\u00e4 pitkin nuotiopaikalle, jossa paistamme makkaraa ja vaahtokarkkeja sek\u00e4 nautitaan kotitekoista kuumaa mehua. Matkalla voimme pys\u00e4hty\u00e4 ottamaan valokuvia talvisista maisemista.<\/p>\n<ul>\n<li>2,5h<\/li>\n<li>125\u20ac\/aikuinen, 75\u20ac \/ lapsi 2-10v<\/li>\n<\/ul>\n","protected":false},"excerpt":{"rendered":"<p>Opas kuljettaa meid\u00e4t rekikyydill\u00e4 lumista mets\u00e4reitti\u00e4 pitkin nuotiopaikalle, jossa paistamme makkaraa ja vaahtokarkkeja sek\u00e4 nautitaan kotitekoista kuumaa mehua. Matkalla voimme pys\u00e4hty\u00e4 ottamaan valokuvia talvisista maisemista. [&#8230;]<\/p>\n<p><a class=\"btn btn-secondary understrap-read-more-link\" href=\"https:\/\/www.polarauroracabins.com\/fi\/product\/rekiretki-nuotiohetkella\/\">Read More&#8230;<\/a><\/p>\n","protected":false},"featured_media":782,"template":"","meta":[],"product_brand":[],"product_cat":[16],"product_tag":[],"class_list":{"0":"post-719","1":"product","2":"type-product","3":"status-publish","4":"has-post-thumbnail","6":"product_cat-aktiviteetit","8":"first","9":"instock","10":"taxable","11":"shipping-taxable","12":"product-type-simple"},"_links":{"self":[{"href":"https:\/\/www.polarauroracabins.com\/fi\/wp-json\/wp\/v2\/product\/719","targetHints":{"allow":["GET"]}}],"collection":[{"href":"https:\/\/www.polarauroracabins.com\/fi\/wp-json\/wp\/v2\/product"}],"about":[{"href":"https:\/\/www.polarauroracabins.com\/fi\/wp-json\/wp\/v2\/types\/product"}],"wp:featuredmedia":[{"embeddable":true,"href":"https:\/\/www.polarauroracabins.com\/fi\/wp-json\/wp\/v2\/media\/782"}],"wp:attachment":[{"href":"https:\/\/www.polarauroracabins.com\/fi\/wp-json\/wp\/v2\/media?parent=719"}],"wp:term":[{"taxonomy":"product_brand","embeddable":true,"href":"https:\/\/www.polarauroracabins.com\/fi\/wp-json\/wp\/v2\/product_brand?post=719"},{"taxonomy":"product_cat","embeddable":true,"href":"https:\/\/www.polarauroracabins.com\/fi\/wp-json\/wp\/v2\/product_cat?post=719"},{"taxonomy":"product_tag","embeddable":true,"href":"https:\/\/www.polarauroracabins.com\/fi\/wp-json\/wp\/v2\/product_tag?post=719"}],"curies":[{"name":"wp","href":"https:\/\/api.w.org\/{rel}","templated":true}]}}