{"id":721,"date":"2020-12-09T15:39:27","date_gmt":"2020-12-09T15:39:27","guid":{"rendered":"https:\/\/whm42.louhi.net\/~polaraur\/product\/snowshoe-walk-with-snack-by-the-open-fire\/"},"modified":"2025-04-08T20:46:10","modified_gmt":"2025-04-08T17:46:10","slug":"lumikenkaretki","status":"publish","type":"product","link":"https:\/\/www.polarauroracabins.com\/fi\/product\/lumikenkaretki\/","title":{"rendered":"Lumikenk\u00e4retki"},"content":{"rendered":"<p>Lumikenk\u00e4illess\u00e4 nautimme Lapin talvisesta luonnon rauhasta. K\u00e4velyn j\u00e4lkeen rentoudumme kodassa, paistamme makkarat ja nautimme l\u00e4mp\u00f6isest\u00e4 mehusta.<\/p>\n<p>Saat lumikeng\u00e4t k\u00e4ytt\u00f6\u00f6si loppu p\u00e4iv\u00e4ksi.<\/p>\n<ul>\n<li>2h<\/li>\n<li>115\u20ac \/ aikuinen, 65\u20ac \/ lapset 4-10v<\/li>\n<\/ul>\n","protected":false},"excerpt":{"rendered":"<p>Lumikenk\u00e4illess\u00e4 nautimme Lapin talvisesta luonnon rauhasta. K\u00e4velyn j\u00e4lkeen rentoudumme kodassa, paistamme makkarat ja nautimme l\u00e4mp\u00f6isest\u00e4 mehusta.<\/p>\n<p>Saat lumikeng\u00e4t k\u00e4ytt\u00f6\u00f6si loppu p\u00e4iv\u00e4ksi. [&#8230;]<\/p>\n<p><a class=\"btn btn-secondary understrap-read-more-link\" href=\"https:\/\/www.polarauroracabins.com\/fi\/product\/lumikenkaretki\/\">Read More&#8230;<\/a><\/p>\n","protected":false},"featured_media":1145,"template":"","meta":[],"product_brand":[],"product_cat":[16],"product_tag":[],"class_list":{"0":"post-721","1":"product","2":"type-product","3":"status-publish","4":"has-post-thumbnail","6":"product_cat-aktiviteetit","8":"first","9":"instock","10":"taxable","11":"shipping-taxable","12":"product-type-simple"},"_links":{"self":[{"href":"https:\/\/www.polarauroracabins.com\/fi\/wp-json\/wp\/v2\/product\/721","targetHints":{"allow":["GET"]}}],"collection":[{"href":"https:\/\/www.polarauroracabins.com\/fi\/wp-json\/wp\/v2\/product"}],"about":[{"href":"https:\/\/www.polarauroracabins.com\/fi\/wp-json\/wp\/v2\/types\/product"}],"wp:featuredmedia":[{"embeddable":true,"href":"https:\/\/www.polarauroracabins.com\/fi\/wp-json\/wp\/v2\/media\/1145"}],"wp:attachment":[{"href":"https:\/\/www.polarauroracabins.com\/fi\/wp-json\/wp\/v2\/media?parent=721"}],"wp:term":[{"taxonomy":"product_brand","embeddable":true,"href":"https:\/\/www.polarauroracabins.com\/fi\/wp-json\/wp\/v2\/product_brand?post=721"},{"taxonomy":"product_cat","embeddable":true,"href":"https:\/\/www.polarauroracabins.com\/fi\/wp-json\/wp\/v2\/product_cat?post=721"},{"taxonomy":"product_tag","embeddable":true,"href":"https:\/\/www.polarauroracabins.com\/fi\/wp-json\/wp\/v2\/product_tag?post=721"}],"curies":[{"name":"wp","href":"https:\/\/api.w.org\/{rel}","templated":true}]}}