{"id":729,"date":"2021-02-02T13:34:13","date_gmt":"2020-10-16T13:34:13","guid":{"rendered":"https:\/\/whm42.louhi.net\/~polaraur\/product\/1-bedroom-apartment\/"},"modified":"2021-09-15T19:15:18","modified_gmt":"2021-09-15T16:15:18","slug":"yhden-makuuhuoneen-huoneisto","status":"publish","type":"product","link":"https:\/\/www.polarauroracabins.com\/fi\/product\/yhden-makuuhuoneen-huoneisto\/","title":{"rendered":"Yhden makuuhuoneen huoneisto"},"content":{"rendered":"<p>Kelosta rakennettu rivitalo, jossa kolme erillist\u00e4 kodikasta huoneistoa. Jokaisessa huoneistossa on yksi makuuhuone sek\u00e4 makuuparvi, joissa molemmissa kaksi vuodetta. Lis\u00e4ksi kaikissa on varusteltu keitti\u00f6, olohuone takalla, wc, oma sauna ja terassi.<\/p>\n<p><strong>Varaa huoneistosi sivun alaosasta!<\/strong><\/p>\n","protected":false},"excerpt":{"rendered":"<p>Kelosta rakennettu rivitalo, jossa kolme erillist\u00e4 kodikasta huoneistoa. Jokaisessa huoneistossa on yksi makuuhuone ja makuuparvi, joissa molemmissa kaksi vuodetta. Lis\u00e4ksi kaikissa on varusteltu keitti\u00f6, olohuone takalla, terassi ja oma sauna. [&#8230;]<\/p>\n<p><a class=\"btn btn-secondary understrap-read-more-link\" href=\"https:\/\/www.polarauroracabins.com\/fi\/product\/yhden-makuuhuoneen-huoneisto\/\">Read More&#8230;<\/a><\/p>\n","protected":false},"featured_media":870,"template":"","meta":[],"product_brand":[],"product_cat":[15],"product_tag":[],"class_list":{"0":"post-729","1":"product","2":"type-product","3":"status-publish","4":"has-post-thumbnail","6":"product_cat-majoitus","8":"first","9":"instock","10":"virtual","11":"taxable","12":"product-type-simple"},"_links":{"self":[{"href":"https:\/\/www.polarauroracabins.com\/fi\/wp-json\/wp\/v2\/product\/729","targetHints":{"allow":["GET"]}}],"collection":[{"href":"https:\/\/www.polarauroracabins.com\/fi\/wp-json\/wp\/v2\/product"}],"about":[{"href":"https:\/\/www.polarauroracabins.com\/fi\/wp-json\/wp\/v2\/types\/product"}],"wp:featuredmedia":[{"embeddable":true,"href":"https:\/\/www.polarauroracabins.com\/fi\/wp-json\/wp\/v2\/media\/870"}],"wp:attachment":[{"href":"https:\/\/www.polarauroracabins.com\/fi\/wp-json\/wp\/v2\/media?parent=729"}],"wp:term":[{"taxonomy":"product_brand","embeddable":true,"href":"https:\/\/www.polarauroracabins.com\/fi\/wp-json\/wp\/v2\/product_brand?post=729"},{"taxonomy":"product_cat","embeddable":true,"href":"https:\/\/www.polarauroracabins.com\/fi\/wp-json\/wp\/v2\/product_cat?post=729"},{"taxonomy":"product_tag","embeddable":true,"href":"https:\/\/www.polarauroracabins.com\/fi\/wp-json\/wp\/v2\/product_tag?post=729"}],"curies":[{"name":"wp","href":"https:\/\/api.w.org\/{rel}","templated":true}]}}