{"id":950,"date":"2020-12-09T14:29:15","date_gmt":"2020-12-09T14:29:15","guid":{"rendered":"https:\/\/whm42.louhi.net\/~polaraur\/product\/breakfast-in-our-cosy-kota-restaurant\/"},"modified":"2021-09-16T10:58:54","modified_gmt":"2021-09-16T07:58:54","slug":"aamiainen-kotaravintolassa","status":"publish","type":"product","link":"https:\/\/www.polarauroracabins.com\/fi\/product\/aamiainen-kotaravintolassa\/","title":{"rendered":"Aamiainen Kota-ravintolassa"},"content":{"rendered":"<p><strong>Aloita p\u00e4iv\u00e4 herkullisella aamiaisella!<\/strong><\/p>\n<p>Maittava suomalainen aamiainen on katettu Kota-ravintolaamme.\u00a0 Runsaasta aamiaisesta, l\u00f6ytyy varmasti jokaiseen makuun. Tarjolla on erilaisia leipi\u00e4, leikkeleit\u00e4, kasviksia ja hedelmi\u00e4, l\u00e4mpimi\u00e4 lisukkeita ja paljon muuta. Aamukahvin tai -teen, voit nauttia avotulen l\u00e4mm\u00f6ss\u00e4.<\/p>\n<p><strong>Hinta 29\u20ac \/ vieras<br \/>\n<\/strong><strong>Aamupala on katettuna kello 9.00-10.00<\/strong><\/p>\n<p><em>Aamiainen tulee varata etuk\u00e4teen. Valitse viereisest\u00e4 valikosta y\u00f6pyvien vieraiden ja majoitusvuorokausien m\u00e4\u00e4r\u00e4.\u00a0<\/em><\/p>\n<p><strong>Aamupala on saatavilla 1.11. &#8211; 30.4.\u00a0 Muille ajoille sopimuksen mukaan.<\/strong><\/p>\n","protected":false},"excerpt":{"rendered":"<p>Aamiaisemme tarjoillaa Kotaravintolassa. Aamiainen sis\u00e4lt\u00e4\u00e4 valikoiman leipi\u00e4, lekkeleit\u00e4, juustoja, kasviksia ja munakkaita valintasi mukaan. Lis\u00e4ki tarjolla on puuria, mysli\u00e4, jukurttia, piirakkaa ja l\u00e4mpimi\u00e4 ruokia, kuten lihapullia ja nakkeja.<\/p>\n<p>Juomat: Kotitekoinen mehu, appelsiinimehu, kahvi, tee ja maito<\/p>\n<p><strong>Aaamupala tarjoillaa 09:00 &#8211; 10:00.\u00a0<\/strong><\/p>\n<p><em>Aamiainen pit\u00e4\u00e4 varata etuk\u00e4teen, hinta per ruokailija<\/em> [&#8230;]<\/p>\n<p><a class=\"btn btn-secondary understrap-read-more-link\" href=\"https:\/\/www.polarauroracabins.com\/fi\/product\/aamiainen-kotaravintolassa\/\">Read More&#8230;<\/a><\/p>\n","protected":false},"featured_media":1087,"template":"","meta":[],"product_brand":[],"product_cat":[57],"product_tag":[],"class_list":{"0":"post-950","1":"product","2":"type-product","3":"status-publish","4":"has-post-thumbnail","6":"product_cat-varaustuotteet","8":"first","9":"instock","10":"virtual","11":"taxable","12":"product-type-simple"},"_links":{"self":[{"href":"https:\/\/www.polarauroracabins.com\/fi\/wp-json\/wp\/v2\/product\/950","targetHints":{"allow":["GET"]}}],"collection":[{"href":"https:\/\/www.polarauroracabins.com\/fi\/wp-json\/wp\/v2\/product"}],"about":[{"href":"https:\/\/www.polarauroracabins.com\/fi\/wp-json\/wp\/v2\/types\/product"}],"wp:featuredmedia":[{"embeddable":true,"href":"https:\/\/www.polarauroracabins.com\/fi\/wp-json\/wp\/v2\/media\/1087"}],"wp:attachment":[{"href":"https:\/\/www.polarauroracabins.com\/fi\/wp-json\/wp\/v2\/media?parent=950"}],"wp:term":[{"taxonomy":"product_brand","embeddable":true,"href":"https:\/\/www.polarauroracabins.com\/fi\/wp-json\/wp\/v2\/product_brand?post=950"},{"taxonomy":"product_cat","embeddable":true,"href":"https:\/\/www.polarauroracabins.com\/fi\/wp-json\/wp\/v2\/product_cat?post=950"},{"taxonomy":"product_tag","embeddable":true,"href":"https:\/\/www.polarauroracabins.com\/fi\/wp-json\/wp\/v2\/product_tag?post=950"}],"curies":[{"name":"wp","href":"https:\/\/api.w.org\/{rel}","templated":true}]}}