{"id":951,"date":"2020-12-09T14:27:30","date_gmt":"2020-12-09T14:27:30","guid":{"rendered":"https:\/\/whm42.louhi.net\/~polaraur\/product\/late-check-in-we-can-deliver-an-evening-snack-packege-to-cabin-ready-for-you\/"},"modified":"2021-09-15T16:38:03","modified_gmt":"2021-09-15T13:38:03","slug":"iltapalapaketti-myohaisille-sisaankirjautujille","status":"publish","type":"product","link":"https:\/\/www.polarauroracabins.com\/fi\/product\/iltapalapaketti-myohaisille-sisaankirjautujille\/","title":{"rendered":"Iltapalapaketti"},"content":{"rendered":"<p><strong>Saavutko my\u00f6h\u00e4\u00e4n illalla? Voimme toimittaa teille iltapalan valmiiksi m\u00f6kkiin.<\/strong><\/p>\n<p>Iltapalapaketti sis\u00e4lt\u00e4\u00e4:<\/p>\n<ul>\n<li>S\u00e4mpyl\u00e4 juustolla ja joko kinkulla tai kalkkunalla\n<ul>\n<li>sis\u00e4lt\u00e4\u00e4 salaatin, kurkun ja tomaatin<\/li>\n<\/ul>\n<\/li>\n<li>Appelisiinimehu<\/li>\n<li>Hedelm\u00e4<\/li>\n<li>Suolaista naposteltavaa<\/li>\n<li>Suklaapatukka<\/li>\n<\/ul>\n<p><em>Iltapalaketti tulee varata etuk\u00e4teen, hinta 29\u20ac \/ vieras.<br \/>\nValitse kalenterista p\u00e4iv\u00e4, jollekka haluat iltapalan ja vieraitten m\u00e4\u00e4r\u00e4. Kirjoitus kentt\u00e4\u00e4n voit kirjoittaa erikoistoiveet.<\/em><\/p>\n<p><strong>Iltapalapaketti on saatavilla 1.11. &#8211; 30.4.\u00a0 Muille ajoille sopimuksen mukaan.<\/strong><\/p>\n","protected":false},"excerpt":{"rendered":"<p>Iltapalapaketti sis\u00e4lt\u00e4\u00e4:<\/p>\n<ul>\n<li>S\u00e4mpyl\u00e4 juustolla ja joko kinkulla tai kalkkunalla\n<ul>\n<li>sis\u00e4lt\u00e4\u00e4 valaatin, kurkun ja tomaatin<\/li>\n<\/ul>\n<\/li>\n<li>Appelisiinimehu<\/li>\n<li>Hedelm\u00e4<\/li>\n<li>Suolaista naposteltavaa<\/li>\n<li>Suklaapatukka<\/li>\n<\/ul>\n<p> [&#8230;]<\/p>\n<p><a class=\"btn btn-secondary understrap-read-more-link\" href=\"https:\/\/www.polarauroracabins.com\/fi\/product\/iltapalapaketti-myohaisille-sisaankirjautujille\/\">Read More&#8230;<\/a><\/p>\n","protected":false},"featured_media":1090,"template":"","meta":[],"product_brand":[],"product_cat":[57],"product_tag":[],"class_list":{"0":"post-951","1":"product","2":"type-product","3":"status-publish","4":"has-post-thumbnail","6":"product_cat-varaustuotteet","8":"first","9":"instock","10":"virtual","11":"taxable","12":"product-type-simple"},"_links":{"self":[{"href":"https:\/\/www.polarauroracabins.com\/fi\/wp-json\/wp\/v2\/product\/951","targetHints":{"allow":["GET"]}}],"collection":[{"href":"https:\/\/www.polarauroracabins.com\/fi\/wp-json\/wp\/v2\/product"}],"about":[{"href":"https:\/\/www.polarauroracabins.com\/fi\/wp-json\/wp\/v2\/types\/product"}],"wp:featuredmedia":[{"embeddable":true,"href":"https:\/\/www.polarauroracabins.com\/fi\/wp-json\/wp\/v2\/media\/1090"}],"wp:attachment":[{"href":"https:\/\/www.polarauroracabins.com\/fi\/wp-json\/wp\/v2\/media?parent=951"}],"wp:term":[{"taxonomy":"product_brand","embeddable":true,"href":"https:\/\/www.polarauroracabins.com\/fi\/wp-json\/wp\/v2\/product_brand?post=951"},{"taxonomy":"product_cat","embeddable":true,"href":"https:\/\/www.polarauroracabins.com\/fi\/wp-json\/wp\/v2\/product_cat?post=951"},{"taxonomy":"product_tag","embeddable":true,"href":"https:\/\/www.polarauroracabins.com\/fi\/wp-json\/wp\/v2\/product_tag?post=951"}],"curies":[{"name":"wp","href":"https:\/\/api.w.org\/{rel}","templated":true}]}}